{"id":2258,"date":"2025-02-06T21:58:46","date_gmt":"2025-02-06T21:58:46","guid":{"rendered":"https:\/\/www.seglarterrassa.org\/?page_id=2258"},"modified":"2025-03-14T12:43:03","modified_gmt":"2025-03-14T12:43:03","slug":"elementor-2258","status":"publish","type":"page","link":"https:\/\/www.seglarterrassa.org\/?page_id=2258","title":{"rendered":"Materials Jubileu"},"content":{"rendered":"\t\t<div data-elementor-type=\"wp-post\" data-elementor-id=\"2258\" class=\"elementor elementor-2258\">\n\t\t\t\t<div class=\"elementor-element elementor-element-2ac2471 e-flex e-con-boxed e-con e-parent\" data-id=\"2ac2471\" data-element_type=\"container\">\n\t\t\t\t\t<div class=\"e-con-inner\">\n\t\t\t\t<div class=\"elementor-element elementor-element-b3565ec elementor-widget__width-initial elementor-widget elementor-widget-image\" data-id=\"b3565ec\" data-element_type=\"widget\" data-widget_type=\"image.default\">\n\t\t\t\t<div class=\"elementor-widget-container\">\n\t\t\t\t\t\t\t\t\t\t\t\t\t\t\t<img fetchpriority=\"high\" decoding=\"async\" width=\"1024\" height=\"1024\" src=\"https:\/\/www.seglarterrassa.org\/wp-content\/uploads\/2025\/01\/Lgo-HD-1-1024x1024.png\" class=\"attachment-large size-large wp-image-2190\" alt=\"\" srcset=\"https:\/\/www.seglarterrassa.org\/wp-content\/uploads\/2025\/01\/Lgo-HD-1-1024x1024.png 1024w, https:\/\/www.seglarterrassa.org\/wp-content\/uploads\/2025\/01\/Lgo-HD-1-300x300.png 300w, https:\/\/www.seglarterrassa.org\/wp-content\/uploads\/2025\/01\/Lgo-HD-1-150x150.png 150w, https:\/\/www.seglarterrassa.org\/wp-content\/uploads\/2025\/01\/Lgo-HD-1-768x768.png 768w, https:\/\/www.seglarterrassa.org\/wp-content\/uploads\/2025\/01\/Lgo-HD-1-1536x1536.png 1536w, https:\/\/www.seglarterrassa.org\/wp-content\/uploads\/2025\/01\/Lgo-HD-1-2048x2048.png 2048w\" sizes=\"(max-width: 1024px) 100vw, 1024px\" \/>\t\t\t\t\t\t\t\t\t\t\t\t\t\t\t<\/div>\n\t\t\t\t<\/div>\n\t\t\t\t\t<\/div>\n\t\t\t\t<\/div>\n\t\t<div class=\"elementor-element elementor-element-9223e0d e-flex e-con-boxed e-con e-parent\" data-id=\"9223e0d\" data-element_type=\"container\">\n\t\t\t\t\t<div class=\"e-con-inner\">\n\t\t\t\t<div class=\"elementor-element elementor-element-6109177 elementor-widget elementor-widget-heading\" data-id=\"6109177\" data-element_type=\"widget\" data-widget_type=\"heading.default\">\n\t\t\t\t<div class=\"elementor-widget-container\">\n\t\t\t\t\t<h2 class=\"elementor-heading-title elementor-size-default\">Jubileu de l'Esperan\u00e7a 2025<\/h2>\t\t\t\t<\/div>\n\t\t\t\t<\/div>\n\t\t\t\t\t<\/div>\n\t\t\t\t<\/div>\n\t\t<div class=\"elementor-element elementor-element-8d49056 e-flex e-con-boxed e-con e-parent\" data-id=\"8d49056\" data-element_type=\"container\">\n\t\t\t\t\t<div class=\"e-con-inner\">\n\t\t\t\t<div class=\"elementor-element elementor-element-3cc3977 elementor-widget elementor-widget-spacer\" data-id=\"3cc3977\" data-element_type=\"widget\" data-widget_type=\"spacer.default\">\n\t\t\t\t<div class=\"elementor-widget-container\">\n\t\t\t\t\t\t\t<div class=\"elementor-spacer\">\n\t\t\t<div class=\"elementor-spacer-inner\"><\/div>\n\t\t<\/div>\n\t\t\t\t\t\t<\/div>\n\t\t\t\t<\/div>\n\t\t\t\t\t<\/div>\n\t\t\t\t<\/div>\n\t\t<div class=\"elementor-element elementor-element-8251dbe e-flex e-con-boxed e-con e-parent\" data-id=\"8251dbe\" data-element_type=\"container\">\n\t\t\t\t\t<div class=\"e-con-inner\">\n\t\t<div class=\"elementor-element elementor-element-1925458 e-con-full e-flex e-con e-child\" data-id=\"1925458\" data-element_type=\"container\">\n\t\t\t\t<div class=\"elementor-element elementor-element-9c4bc00 elementor-widget elementor-widget-text-editor\" data-id=\"9c4bc00\" data-element_type=\"widget\" data-widget_type=\"text-editor.default\">\n\t\t\t\t<div class=\"elementor-widget-container\">\n\t\t\t\t\t\t\t\t\t<p><strong>Butlla del Papa Francesc pel Jubileu 2025<\/strong><\/p>\t\t\t\t\t\t\t\t<\/div>\n\t\t\t\t<\/div>\n\t\t\t\t<\/div>\n\t\t<div class=\"elementor-element elementor-element-2eeb1f5 e-con-full e-flex e-con e-child\" data-id=\"2eeb1f5\" data-element_type=\"container\">\n\t\t\t\t<div class=\"elementor-element elementor-element-dd886ed elementor-widget elementor-widget-button\" data-id=\"dd886ed\" data-element_type=\"widget\" data-widget_type=\"button.default\">\n\t\t\t\t<div class=\"elementor-widget-container\">\n\t\t\t\t\t\t\t\t\t<div class=\"elementor-button-wrapper\">\n\t\t\t\t\t<a class=\"elementor-button elementor-button-link elementor-size-sm\" href=\"https:\/\/www.seglarterrassa.org\/wp-content\/uploads\/2025\/02\/Butlla-Jubileu-de-l-Esperanca.pdf\" target=\"_blank\">\n\t\t\t\t\t\t<span class=\"elementor-button-content-wrapper\">\n\t\t\t\t\t\t\t\t\t<span class=\"elementor-button-text\">Descarrega<\/span>\n\t\t\t\t\t<\/span>\n\t\t\t\t\t<\/a>\n\t\t\t\t<\/div>\n\t\t\t\t\t\t\t\t<\/div>\n\t\t\t\t<\/div>\n\t\t\t\t<\/div>\n\t\t\t\t\t<\/div>\n\t\t\t\t<\/div>\n\t\t<div class=\"elementor-element elementor-element-2f14d34 e-flex e-con-boxed e-con e-parent\" data-id=\"2f14d34\" data-element_type=\"container\">\n\t\t\t\t\t<div class=\"e-con-inner\">\n\t\t<div class=\"elementor-element elementor-element-822b470 e-con-full e-flex e-con e-child\" data-id=\"822b470\" data-element_type=\"container\">\n\t\t\t\t<div class=\"elementor-element elementor-element-cd77e0c elementor-widget elementor-widget-text-editor\" data-id=\"cd77e0c\" data-element_type=\"widget\" data-widget_type=\"text-editor.default\">\n\t\t\t\t<div class=\"elementor-widget-container\">\n\t\t\t\t\t\t\t\t\t<p><strong>Estampa preg\u00e0ria\u00a0<\/strong><\/p>\t\t\t\t\t\t\t\t<\/div>\n\t\t\t\t<\/div>\n\t\t\t\t<\/div>\n\t\t<div class=\"elementor-element elementor-element-159398b e-con-full e-flex e-con e-child\" data-id=\"159398b\" data-element_type=\"container\">\n\t\t\t\t<div class=\"elementor-element elementor-element-75e71d5 elementor-widget elementor-widget-button\" data-id=\"75e71d5\" data-element_type=\"widget\" data-widget_type=\"button.default\">\n\t\t\t\t<div class=\"elementor-widget-container\">\n\t\t\t\t\t\t\t\t\t<div class=\"elementor-button-wrapper\">\n\t\t\t\t\t<a class=\"elementor-button elementor-button-link elementor-size-sm\" href=\"https:\/\/www.seglarterrassa.org\/wp-content\/uploads\/2025\/02\/pregaria-catala.pdf\" target=\"_blank\">\n\t\t\t\t\t\t<span class=\"elementor-button-content-wrapper\">\n\t\t\t\t\t\t\t\t\t<span class=\"elementor-button-text\">Descarrega catal\u00e0<\/span>\n\t\t\t\t\t<\/span>\n\t\t\t\t\t<\/a>\n\t\t\t\t<\/div>\n\t\t\t\t\t\t\t\t<\/div>\n\t\t\t\t<\/div>\n\t\t\t\t<\/div>\n\t\t<div class=\"elementor-element elementor-element-d7e204a e-con-full e-flex e-con e-child\" data-id=\"d7e204a\" data-element_type=\"container\">\n\t\t\t\t<div class=\"elementor-element elementor-element-a14de9a elementor-widget elementor-widget-button\" data-id=\"a14de9a\" data-element_type=\"widget\" data-widget_type=\"button.default\">\n\t\t\t\t<div class=\"elementor-widget-container\">\n\t\t\t\t\t\t\t\t\t<div class=\"elementor-button-wrapper\">\n\t\t\t\t\t<a class=\"elementor-button elementor-button-link elementor-size-sm\" href=\"https:\/\/www.seglarterrassa.org\/wp-content\/uploads\/2025\/02\/oracion-castellano.pdf\" target=\"_blank\">\n\t\t\t\t\t\t<span class=\"elementor-button-content-wrapper\">\n\t\t\t\t\t\t\t\t\t<span class=\"elementor-button-text\">Descarga castellano<\/span>\n\t\t\t\t\t<\/span>\n\t\t\t\t\t<\/a>\n\t\t\t\t<\/div>\n\t\t\t\t\t\t\t\t<\/div>\n\t\t\t\t<\/div>\n\t\t\t\t<\/div>\n\t\t\t\t\t<\/div>\n\t\t\t\t<\/div>\n\t\t<div class=\"elementor-element elementor-element-595ba17 e-flex e-con-boxed e-con e-parent\" data-id=\"595ba17\" data-element_type=\"container\" data-settings=\"{&quot;animation&quot;:&quot;none&quot;}\">\n\t\t\t\t\t<div class=\"e-con-inner\">\n\t\t\t\t<div class=\"elementor-element elementor-element-22a17b5 elementor-widget-divider--view-line elementor-widget elementor-widget-divider\" data-id=\"22a17b5\" data-element_type=\"widget\" data-widget_type=\"divider.default\">\n\t\t\t\t<div class=\"elementor-widget-container\">\n\t\t\t\t\t\t\t<div class=\"elementor-divider\">\n\t\t\t<span class=\"elementor-divider-separator\">\n\t\t\t\t\t\t<\/span>\n\t\t<\/div>\n\t\t\t\t\t\t<\/div>\n\t\t\t\t<\/div>\n\t\t\t\t\t<\/div>\n\t\t\t\t<\/div>\n\t\t<div class=\"elementor-element elementor-element-6432e8d e-flex e-con-boxed e-con e-parent\" data-id=\"6432e8d\" data-element_type=\"container\">\n\t\t\t\t\t<div class=\"e-con-inner\">\n\t\t<div class=\"elementor-element elementor-element-5a05939 e-con-full e-flex e-con e-child\" data-id=\"5a05939\" data-element_type=\"container\">\n\t\t\t\t<div class=\"elementor-element elementor-element-e0d3474 elementor-widget elementor-widget-text-editor\" data-id=\"e0d3474\" data-element_type=\"widget\" data-widget_type=\"text-editor.default\">\n\t\t\t\t<div class=\"elementor-widget-container\">\n\t\t\t\t\t\t\t\t\t<p><strong>Fitxes de treball: Conversi\u00f3 pastoral i Esperan\u00e7a\u00a0\u00a0<\/strong><\/p>\t\t\t\t\t\t\t\t<\/div>\n\t\t\t\t<\/div>\n\t\t\t\t<\/div>\n\t\t<div class=\"elementor-element elementor-element-9b7bf54 e-con-full e-flex e-con e-child\" data-id=\"9b7bf54\" data-element_type=\"container\">\n\t\t\t\t<div class=\"elementor-element elementor-element-99d096d elementor-widget elementor-widget-button\" data-id=\"99d096d\" data-element_type=\"widget\" data-widget_type=\"button.default\">\n\t\t\t\t<div class=\"elementor-widget-container\">\n\t\t\t\t\t\t\t\t\t<div class=\"elementor-button-wrapper\">\n\t\t\t\t\t<a class=\"elementor-button elementor-button-link elementor-size-sm\" href=\"https:\/\/www.seglarterrassa.org\/wp-content\/uploads\/2025\/02\/fitxes-convesio-pastoral-i-esperanca.pdf\" target=\"_blank\">\n\t\t\t\t\t\t<span class=\"elementor-button-content-wrapper\">\n\t\t\t\t\t\t\t\t\t<span class=\"elementor-button-text\">Descarrega<\/span>\n\t\t\t\t\t<\/span>\n\t\t\t\t\t<\/a>\n\t\t\t\t<\/div>\n\t\t\t\t\t\t\t\t<\/div>\n\t\t\t\t<\/div>\n\t\t\t\t<\/div>\n\t\t\t\t\t<\/div>\n\t\t\t\t<\/div>\n\t\t<div class=\"elementor-element elementor-element-4c6dbd2 e-flex e-con-boxed elementor-invisible e-con e-parent\" data-id=\"4c6dbd2\" data-element_type=\"container\" data-settings=\"{&quot;animation&quot;:&quot;zoomIn&quot;}\">\n\t\t\t\t\t<div class=\"e-con-inner\">\n\t\t\t\t<div class=\"elementor-element elementor-element-97414d2 elementor-widget-divider--view-line elementor-widget elementor-widget-divider\" data-id=\"97414d2\" data-element_type=\"widget\" data-widget_type=\"divider.default\">\n\t\t\t\t<div class=\"elementor-widget-container\">\n\t\t\t\t\t\t\t<div class=\"elementor-divider\">\n\t\t\t<span class=\"elementor-divider-separator\">\n\t\t\t\t\t\t<\/span>\n\t\t<\/div>\n\t\t\t\t\t\t<\/div>\n\t\t\t\t<\/div>\n\t\t\t\t\t<\/div>\n\t\t\t\t<\/div>\n\t\t<div class=\"elementor-element elementor-element-8a6c48b e-con-full e-flex e-con e-parent\" data-id=\"8a6c48b\" data-element_type=\"container\">\n\t\t<div class=\"elementor-element elementor-element-c82c765 e-con-full e-flex e-con e-child\" data-id=\"c82c765\" data-element_type=\"container\">\n\t\t\t\t<div class=\"elementor-element elementor-element-19e746b elementor-widget elementor-widget-text-editor\" data-id=\"19e746b\" data-element_type=\"widget\" data-widget_type=\"text-editor.default\">\n\t\t\t\t<div class=\"elementor-widget-container\">\n\t\t\t\t\t\t\t\t\t<p><strong>Himne del Jubileu: Partitura\u00a0\u00a0<\/strong><\/p>\t\t\t\t\t\t\t\t<\/div>\n\t\t\t\t<\/div>\n\t\t\t\t<\/div>\n\t\t<div class=\"elementor-element elementor-element-f5672e4 e-con-full e-flex e-con e-child\" data-id=\"f5672e4\" data-element_type=\"container\">\n\t\t\t\t<div class=\"elementor-element elementor-element-a124f49 elementor-widget__width-initial elementor-widget elementor-widget-button\" data-id=\"a124f49\" data-element_type=\"widget\" data-widget_type=\"button.default\">\n\t\t\t\t<div class=\"elementor-widget-container\">\n\t\t\t\t\t\t\t\t\t<div class=\"elementor-button-wrapper\">\n\t\t\t\t\t<a class=\"elementor-button elementor-button-link elementor-size-sm\" href=\"https:\/\/www.seglarterrassa.org\/wp-content\/uploads\/2025\/02\/Partitura_Himno-Jubileo_catala.pdf\" target=\"_blank\">\n\t\t\t\t\t\t<span class=\"elementor-button-content-wrapper\">\n\t\t\t\t\t\t\t\t\t<span class=\"elementor-button-text\">Descarrega catal\u00e0<\/span>\n\t\t\t\t\t<\/span>\n\t\t\t\t\t<\/a>\n\t\t\t\t<\/div>\n\t\t\t\t\t\t\t\t<\/div>\n\t\t\t\t<\/div>\n\t\t\t\t<\/div>\n\t\t<div class=\"elementor-element elementor-element-585ae05 e-con-full e-flex e-con e-child\" data-id=\"585ae05\" data-element_type=\"container\">\n\t\t\t\t<div class=\"elementor-element elementor-element-874ac3f elementor-widget__width-initial elementor-widget elementor-widget-button\" data-id=\"874ac3f\" data-element_type=\"widget\" data-widget_type=\"button.default\">\n\t\t\t\t<div class=\"elementor-widget-container\">\n\t\t\t\t\t\t\t\t\t<div class=\"elementor-button-wrapper\">\n\t\t\t\t\t<a class=\"elementor-button elementor-button-link elementor-size-sm\" href=\"https:\/\/www.seglarterrassa.org\/wp-content\/uploads\/2025\/02\/Partitura_Himno-Jubileo_castellano-1.pdf\" target=\"_blank\">\n\t\t\t\t\t\t<span class=\"elementor-button-content-wrapper\">\n\t\t\t\t\t\t\t\t\t<span class=\"elementor-button-text\">Descarga castellano<\/span>\n\t\t\t\t\t<\/span>\n\t\t\t\t\t<\/a>\n\t\t\t\t<\/div>\n\t\t\t\t\t\t\t\t<\/div>\n\t\t\t\t<\/div>\n\t\t\t\t<\/div>\n\t\t\t\t<\/div>\n\t\t<div class=\"elementor-element elementor-element-95fb7cb e-flex e-con-boxed e-con e-parent\" data-id=\"95fb7cb\" data-element_type=\"container\">\n\t\t\t\t\t<div class=\"e-con-inner\">\n\t\t<div class=\"elementor-element elementor-element-d96e57b e-con-full e-flex e-con e-child\" data-id=\"d96e57b\" data-element_type=\"container\">\n\t\t\t\t<div class=\"elementor-element elementor-element-ca33cb0 elementor-widget elementor-widget-text-editor\" data-id=\"ca33cb0\" data-element_type=\"widget\" data-widget_type=\"text-editor.default\">\n\t\t\t\t<div class=\"elementor-widget-container\">\n\t\t\t\t\t\t\t\t\t<p><strong>Himne del Jubileu: \u00c0udio\u00a0<\/strong><\/p>\t\t\t\t\t\t\t\t<\/div>\n\t\t\t\t<\/div>\n\t\t\t\t<\/div>\n\t\t<div class=\"elementor-element elementor-element-f560e7c e-con-full e-flex e-con e-child\" data-id=\"f560e7c\" data-element_type=\"container\">\n\t\t\t\t<div class=\"elementor-element elementor-element-1c1d0e4 elementor-widget elementor-widget-button\" data-id=\"1c1d0e4\" data-element_type=\"widget\" data-widget_type=\"button.default\">\n\t\t\t\t<div class=\"elementor-widget-container\">\n\t\t\t\t\t\t\t\t\t<div class=\"elementor-button-wrapper\">\n\t\t\t\t\t<a class=\"elementor-button elementor-button-link elementor-size-sm\" href=\"https:\/\/www.seglarterrassa.org\/wp-content\/uploads\/2025\/02\/Himne-Oficial-del-Jubileu-2025-Peregrins-d-Esperanca-Coral-Albada-de-Granollers.mp3\" target=\"_blank\">\n\t\t\t\t\t\t<span class=\"elementor-button-content-wrapper\">\n\t\t\t\t\t\t\t\t\t<span class=\"elementor-button-text\">Descarrega catal\u00e0<\/span>\n\t\t\t\t\t<\/span>\n\t\t\t\t\t<\/a>\n\t\t\t\t<\/div>\n\t\t\t\t\t\t\t\t<\/div>\n\t\t\t\t<\/div>\n\t\t\t\t<\/div>\n\t\t<div class=\"elementor-element elementor-element-0acc7fc e-con-full e-flex e-con e-child\" data-id=\"0acc7fc\" data-element_type=\"container\">\n\t\t\t\t<div class=\"elementor-element elementor-element-12f6100 elementor-widget elementor-widget-button\" data-id=\"12f6100\" data-element_type=\"widget\" data-widget_type=\"button.default\">\n\t\t\t\t<div class=\"elementor-widget-container\">\n\t\t\t\t\t\t\t\t\t<div class=\"elementor-button-wrapper\">\n\t\t\t\t\t<a class=\"elementor-button elementor-button-link elementor-size-sm\" href=\"https:\/\/www.seglarterrassa.org\/wp-content\/uploads\/2025\/03\/HIMNO-JUBILAR-UNISONO.mp3\" target=\"_blank\">\n\t\t\t\t\t\t<span class=\"elementor-button-content-wrapper\">\n\t\t\t\t\t\t\t\t\t<span class=\"elementor-button-text\">Descarga castellano<\/span>\n\t\t\t\t\t<\/span>\n\t\t\t\t\t<\/a>\n\t\t\t\t<\/div>\n\t\t\t\t\t\t\t\t<\/div>\n\t\t\t\t<\/div>\n\t\t\t\t<\/div>\n\t\t\t\t\t<\/div>\n\t\t\t\t<\/div>\n\t\t<div class=\"elementor-element elementor-element-ece7a24 e-flex e-con-boxed e-con e-parent\" data-id=\"ece7a24\" data-element_type=\"container\">\n\t\t\t\t\t<div class=\"e-con-inner\">\n\t\t\t\t<div class=\"elementor-element elementor-element-de59744 elementor-widget elementor-widget-text-editor\" data-id=\"de59744\" data-element_type=\"widget\" data-widget_type=\"text-editor.default\">\n\t\t\t\t<div class=\"elementor-widget-container\">\n\t\t\t\t\t\t\t\t\t<p><strong>Himne en catal\u00e0 interpretat per<\/strong> Coral Albada (Pueri Cantores de Granollers). Acompanyament: Vicen\u00e7 Prun\u00e9s (orgue) i Llu\u00eds Casso (flauta).<\/p><p><strong>Himne en castell\u00e0 interpretat per<\/strong> cantaires de diversos pa\u00efsos de parla hispana.<\/p>\t\t\t\t\t\t\t\t<\/div>\n\t\t\t\t<\/div>\n\t\t\t\t\t<\/div>\n\t\t\t\t<\/div>\n\t\t<div class=\"elementor-element elementor-element-8d3e67f e-flex e-con-boxed e-con e-parent\" data-id=\"8d3e67f\" data-element_type=\"container\">\n\t\t\t\t\t<div class=\"e-con-inner\">\n\t\t<div class=\"elementor-element elementor-element-8e1ed9a e-con-full e-flex e-con e-child\" data-id=\"8e1ed9a\" data-element_type=\"container\">\n\t\t\t\t<div class=\"elementor-element elementor-element-d0c239a elementor-widget elementor-widget-text-editor\" data-id=\"d0c239a\" data-element_type=\"widget\" data-widget_type=\"text-editor.default\">\n\t\t\t\t<div class=\"elementor-widget-container\">\n\t\t\t\t\t\t\t\t\t<p><strong>Himne del Jubileu: Acompanyament orgue (\u00e0udio)<\/strong><\/p>\t\t\t\t\t\t\t\t<\/div>\n\t\t\t\t<\/div>\n\t\t\t\t<\/div>\n\t\t<div class=\"elementor-element elementor-element-4e1c86f e-con-full e-flex e-con e-child\" data-id=\"4e1c86f\" data-element_type=\"container\">\n\t\t\t\t<div class=\"elementor-element elementor-element-5b8d3b8 elementor-widget elementor-widget-button\" data-id=\"5b8d3b8\" data-element_type=\"widget\" data-widget_type=\"button.default\">\n\t\t\t\t<div class=\"elementor-widget-container\">\n\t\t\t\t\t\t\t\t\t<div class=\"elementor-button-wrapper\">\n\t\t\t\t\t<a class=\"elementor-button elementor-button-link elementor-size-sm\" href=\"https:\/\/www.seglarterrassa.org\/wp-content\/uploads\/2025\/02\/Himne-Oficial-del-Jubileu-2025-Acompanyament-orgue.mp3\" target=\"_blank\">\n\t\t\t\t\t\t<span class=\"elementor-button-content-wrapper\">\n\t\t\t\t\t\t\t\t\t<span class=\"elementor-button-text\">Descarrega<\/span>\n\t\t\t\t\t<\/span>\n\t\t\t\t\t<\/a>\n\t\t\t\t<\/div>\n\t\t\t\t\t\t\t\t<\/div>\n\t\t\t\t<\/div>\n\t\t\t\t<\/div>\n\t\t\t\t\t<\/div>\n\t\t\t\t<\/div>\n\t\t<div class=\"elementor-element elementor-element-e6f84b7 e-flex e-con-boxed elementor-invisible e-con e-parent\" data-id=\"e6f84b7\" data-element_type=\"container\" data-settings=\"{&quot;animation&quot;:&quot;zoomIn&quot;}\">\n\t\t\t\t\t<div class=\"e-con-inner\">\n\t\t\t\t<div class=\"elementor-element elementor-element-2b01fda elementor-widget-divider--view-line elementor-widget elementor-widget-divider\" data-id=\"2b01fda\" data-element_type=\"widget\" data-widget_type=\"divider.default\">\n\t\t\t\t<div class=\"elementor-widget-container\">\n\t\t\t\t\t\t\t<div class=\"elementor-divider\">\n\t\t\t<span class=\"elementor-divider-separator\">\n\t\t\t\t\t\t<\/span>\n\t\t<\/div>\n\t\t\t\t\t\t<\/div>\n\t\t\t\t<\/div>\n\t\t\t\t<div class=\"elementor-element elementor-element-efc26f3 elementor-widget elementor-widget-text-editor\" data-id=\"efc26f3\" data-element_type=\"widget\" data-widget_type=\"text-editor.default\">\n\t\t\t\t<div class=\"elementor-widget-container\">\n\t\t\t\t\t\t\t\t\t<p><strong>Himne del Jubileu: Video amb lletra en catal\u00e0<\/strong><\/p>\t\t\t\t\t\t\t\t<\/div>\n\t\t\t\t<\/div>\n\t\t\t\t\t<\/div>\n\t\t\t\t<\/div>\n\t\t<div class=\"elementor-element elementor-element-9c4a4bd e-flex e-con-boxed e-con e-parent\" data-id=\"9c4a4bd\" data-element_type=\"container\">\n\t\t\t\t\t<div class=\"e-con-inner\">\n\t\t\t\t<div class=\"elementor-element elementor-element-8e8dbd4 elementor-widget elementor-widget-video\" data-id=\"8e8dbd4\" data-element_type=\"widget\" data-settings=\"{&quot;youtube_url&quot;:&quot;https:\\\/\\\/youtu.be\\\/Mbrc7xGvJQU&quot;,&quot;video_type&quot;:&quot;youtube&quot;,&quot;controls&quot;:&quot;yes&quot;}\" data-widget_type=\"video.default\">\n\t\t\t\t<div class=\"elementor-widget-container\">\n\t\t\t\t\t\t\t<div class=\"elementor-wrapper elementor-open-inline\">\n\t\t\t<div class=\"elementor-video\"><\/div>\t\t<\/div>\n\t\t\t\t\t\t<\/div>\n\t\t\t\t<\/div>\n\t\t\t\t\t<\/div>\n\t\t\t\t<\/div>\n\t\t<div class=\"elementor-element elementor-element-fbed8a8 e-flex e-con-boxed e-con e-parent\" data-id=\"fbed8a8\" data-element_type=\"container\">\n\t\t\t\t\t<div class=\"e-con-inner\">\n\t\t\t\t<div class=\"elementor-element elementor-element-ca3e0f7 elementor-widget elementor-widget-text-editor\" data-id=\"ca3e0f7\" data-element_type=\"widget\" data-widget_type=\"text-editor.default\">\n\t\t\t\t<div class=\"elementor-widget-container\">\n\t\t\t\t\t\t\t\t\t<p>Des de Sant Esteve de Granollers com a Temple Jubilar de l&#8217;Esperan\u00e7a s&#8217;ofereix, unint les veus dels Pueri Cantores\u00a0 i el so de l&#8217;Orgue Josep Maria Ruera, la gravaci\u00f3 de l&#8217;himne del Jubileu que pugui servir per aprendre&#8217;l a totes les realitats de les di\u00f2cesis de parla catalana.<br \/>El pengem com a material al nostre espai web. El v\u00eddeo \u00e9s una creaci\u00f3 del canal de Youtube @Campanadadevida<br \/>Com est\u00e0 inscrit en el teclat de l&#8217;orgue de Sant Esteve: <strong>Ad maiorem Dei gloriam<\/strong><span style=\"color: #888888;\"><br \/><\/span><\/p>\t\t\t\t\t\t\t\t<\/div>\n\t\t\t\t<\/div>\n\t\t\t\t\t<\/div>\n\t\t\t\t<\/div>\n\t\t<div class=\"elementor-element elementor-element-b7bc95d e-flex e-con-boxed e-con e-parent\" data-id=\"b7bc95d\" data-element_type=\"container\">\n\t\t\t\t\t<div class=\"e-con-inner\">\n\t\t\t\t<div class=\"elementor-element elementor-element-1f9dd56 elementor-widget elementor-widget-text-editor\" data-id=\"1f9dd56\" data-element_type=\"widget\" data-widget_type=\"text-editor.default\">\n\t\t\t\t<div class=\"elementor-widget-container\">\n\t\t\t\t\t\t\t\t\t<p><strong>Himne del Jubileu: Video amb lletra en castell\u00e0<\/strong><\/p>\t\t\t\t\t\t\t\t<\/div>\n\t\t\t\t<\/div>\n\t\t\t\t<div class=\"elementor-element elementor-element-95d9ce7 elementor-widget elementor-widget-video\" data-id=\"95d9ce7\" data-element_type=\"widget\" data-settings=\"{&quot;youtube_url&quot;:&quot;https:\\\/\\\/youtu.be\\\/XYY2HWcKW6w?si=qXH6m2zcyS1WD2Hz&quot;,&quot;video_type&quot;:&quot;youtube&quot;,&quot;controls&quot;:&quot;yes&quot;}\" data-widget_type=\"video.default\">\n\t\t\t\t<div class=\"elementor-widget-container\">\n\t\t\t\t\t\t\t<div class=\"elementor-wrapper elementor-open-inline\">\n\t\t\t<div class=\"elementor-video\"><\/div>\t\t<\/div>\n\t\t\t\t\t\t<\/div>\n\t\t\t\t<\/div>\n\t\t\t\t<div class=\"elementor-element elementor-element-cb9b6c4 elementor-widget elementor-widget-text-editor\" data-id=\"cb9b6c4\" data-element_type=\"widget\" data-widget_type=\"text-editor.default\">\n\t\t\t\t<div class=\"elementor-widget-container\">\n\t\t\t\t\t\t\t\t\t<p>Desde Sant Esteve de Granollers como Templo Jubilar de la Esperanza se ofrece, uniendo las voces de cantantes de diferentes paises de habla hispana y el sonido del \u00d3rgano Josep Maria Ruera, la grabaci\u00f3n del himno del Jubileo en espa\u00f1ol para que pueda servir para aprenderlo en este idioma.<\/p><p>Lo colgamos como material en nuestro sitio web. El v\u00eddeo es una creaci\u00f3n del canal de Youtube @Campanadadevida<br \/>C\u00f3mo est\u00e1 inscrito en el teclado del \u00f3rgano de Sant Esteve:\u00a0<strong>Ad maiorem Dei gloriam<\/strong><\/p><p><span style=\"color: #888888;\">\u00a0<\/span><\/p>\t\t\t\t\t\t\t\t<\/div>\n\t\t\t\t<\/div>\n\t\t\t\t\t<\/div>\n\t\t\t\t<\/div>\n\t\t\t\t<\/div>\n\t\t","protected":false},"excerpt":{"rendered":"<p>Jubileu de l&#8217;Esperan\u00e7a 2025 Butlla del Papa Francesc pel Jubileu 2025 Descarrega Estampa preg\u00e0ria\u00a0 Descarrega catal\u00e0 Descarga castellano Fitxes de treball: Conversi\u00f3 pastoral i Esperan\u00e7a\u00a0\u00a0 Descarrega Himne del Jubileu: Partitura\u00a0\u00a0 Descarrega catal\u00e0 Descarga castellano Himne del Jubileu: \u00c0udio\u00a0 Descarrega catal\u00e0 Descarga castellano Himne en catal\u00e0 interpretat per Coral Albada (Pueri Cantores de Granollers). Acompanyament: Vicen\u00e7 [&hellip;]<\/p>\n","protected":false},"author":1,"featured_media":0,"parent":0,"menu_order":0,"comment_status":"closed","ping_status":"closed","template":"","meta":{"footnotes":""},"class_list":["post-2258","page","type-page","status-publish","hentry"],"jetpack_sharing_enabled":true,"_links":{"self":[{"href":"https:\/\/www.seglarterrassa.org\/index.php?rest_route=\/wp\/v2\/pages\/2258","targetHints":{"allow":["GET"]}}],"collection":[{"href":"https:\/\/www.seglarterrassa.org\/index.php?rest_route=\/wp\/v2\/pages"}],"about":[{"href":"https:\/\/www.seglarterrassa.org\/index.php?rest_route=\/wp\/v2\/types\/page"}],"author":[{"embeddable":true,"href":"https:\/\/www.seglarterrassa.org\/index.php?rest_route=\/wp\/v2\/users\/1"}],"replies":[{"embeddable":true,"href":"https:\/\/www.seglarterrassa.org\/index.php?rest_route=%2Fwp%2Fv2%2Fcomments&post=2258"}],"version-history":[{"count":67,"href":"https:\/\/www.seglarterrassa.org\/index.php?rest_route=\/wp\/v2\/pages\/2258\/revisions"}],"predecessor-version":[{"id":2745,"href":"https:\/\/www.seglarterrassa.org\/index.php?rest_route=\/wp\/v2\/pages\/2258\/revisions\/2745"}],"wp:attachment":[{"href":"https:\/\/www.seglarterrassa.org\/index.php?rest_route=%2Fwp%2Fv2%2Fmedia&parent=2258"}],"curies":[{"name":"wp","href":"https:\/\/api.w.org\/{rel}","templated":true}]}}